{"id":751,"date":"2025-01-22T15:08:55","date_gmt":"2025-01-22T18:08:55","guid":{"rendered":"https:\/\/agenciacnw.com.br\/cecilia\/?page_id=751"},"modified":"2025-01-22T15:17:09","modified_gmt":"2025-01-22T18:17:09","slug":"whatsapp","status":"publish","type":"page","link":"https:\/\/ceciliabonifacio.com.br\/index.php\/whatsapp\/","title":{"rendered":"WhatsApp"},"content":{"rendered":"\t\t<div data-elementor-type=\"wp-page\" data-elementor-id=\"751\" class=\"elementor elementor-751\" data-elementor-post-type=\"page\">\n\t\t\t\t<div class=\"elementor-element elementor-element-76ed97d e-flex e-con-boxed e-con e-parent\" data-id=\"76ed97d\" data-element_type=\"container\">\n\t\t\t\t\t<div class=\"e-con-inner\">\n\t\t\t\t<div class=\"elementor-element elementor-element-ca1783e elementor-widget elementor-widget-html\" data-id=\"ca1783e\" data-element_type=\"widget\" data-widget_type=\"html.default\">\n\t\t\t\t<div class=\"elementor-widget-container\">\n\t\t\t\t\t<meta http-equiv=\"refresh\" content=\"2; URL='https:\/\/api.whatsapp.com\/send\/?phone=5565999265518'\"\/>\t\t\t\t<\/div>\n\t\t\t\t<\/div>\n\t\t\t\t<div class=\"elementor-element elementor-element-becf620 elementor-widget elementor-widget-image\" data-id=\"becf620\" data-element_type=\"widget\" data-widget_type=\"image.default\">\n\t\t\t\t<div class=\"elementor-widget-container\">\n\t\t\t\t\t\t\t\t\t\t\t\t\t\t\t<img fetchpriority=\"high\" decoding=\"async\" width=\"1080\" height=\"1080\" src=\"https:\/\/ceciliabonifacio.com.br\/wp-content\/uploads\/2025\/01\/Logo-da-cecilia-1.png\" class=\"attachment-full size-full wp-image-342\" alt=\"\" srcset=\"https:\/\/ceciliabonifacio.com.br\/wp-content\/uploads\/2025\/01\/Logo-da-cecilia-1.png 1080w, https:\/\/ceciliabonifacio.com.br\/wp-content\/uploads\/2025\/01\/Logo-da-cecilia-1-300x300.png 300w, https:\/\/ceciliabonifacio.com.br\/wp-content\/uploads\/2025\/01\/Logo-da-cecilia-1-1024x1024.png 1024w, https:\/\/ceciliabonifacio.com.br\/wp-content\/uploads\/2025\/01\/Logo-da-cecilia-1-150x150.png 150w, https:\/\/ceciliabonifacio.com.br\/wp-content\/uploads\/2025\/01\/Logo-da-cecilia-1-768x768.png 768w\" sizes=\"(max-width: 1080px) 100vw, 1080px\" \/>\t\t\t\t\t\t\t\t\t\t\t\t\t\t\t<\/div>\n\t\t\t\t<\/div>\n\t\t\t\t<div class=\"elementor-element elementor-element-c04e656 elementor-hidden-mobile elementor-widget elementor-widget-spacer\" data-id=\"c04e656\" data-element_type=\"widget\" data-widget_type=\"spacer.default\">\n\t\t\t\t<div class=\"elementor-widget-container\">\n\t\t\t\t\t\t\t<div class=\"elementor-spacer\">\n\t\t\t<div class=\"elementor-spacer-inner\"><\/div>\n\t\t<\/div>\n\t\t\t\t\t\t<\/div>\n\t\t\t\t<\/div>\n\t\t\t\t<div class=\"elementor-element elementor-element-c0b0a57 elementor-widget elementor-widget-heading\" data-id=\"c0b0a57\" data-element_type=\"widget\" data-widget_type=\"heading.default\">\n\t\t\t\t<div class=\"elementor-widget-container\">\n\t\t\t\t\t<h2 class=\"elementor-heading-title elementor-size-default\">Aguarde... Estamos conectando voc\u00ea a CEC\u00cdLIA BONIF\u00c1CIO<\/h2>\t\t\t\t<\/div>\n\t\t\t\t<\/div>\n\t\t\t\t<div class=\"elementor-element elementor-element-ec8ea1d elementor-widget elementor-widget-spacer\" data-id=\"ec8ea1d\" data-element_type=\"widget\" data-widget_type=\"spacer.default\">\n\t\t\t\t<div class=\"elementor-widget-container\">\n\t\t\t\t\t\t\t<div class=\"elementor-spacer\">\n\t\t\t<div class=\"elementor-spacer-inner\"><\/div>\n\t\t<\/div>\n\t\t\t\t\t\t<\/div>\n\t\t\t\t<\/div>\n\t\t\t\t<div class=\"elementor-element elementor-element-15621a7 elementor-align-center elementor-widget elementor-widget-lottie\" data-id=\"15621a7\" data-element_type=\"widget\" data-settings=\"{&quot;source_json&quot;:{&quot;url&quot;:&quot;https:\\\/\\\/ceciliabonifacio.com.br\\\/wp-content\\\/uploads\\\/2025\\\/01\\\/lf20_r63rTC-1.json&quot;,&quot;id&quot;:758,&quot;size&quot;:&quot;&quot;},&quot;source&quot;:&quot;media_file&quot;,&quot;caption_source&quot;:&quot;none&quot;,&quot;link_to&quot;:&quot;none&quot;,&quot;trigger&quot;:&quot;arriving_to_viewport&quot;,&quot;viewport&quot;:{&quot;unit&quot;:&quot;%&quot;,&quot;size&quot;:&quot;&quot;,&quot;sizes&quot;:{&quot;start&quot;:0,&quot;end&quot;:100}},&quot;play_speed&quot;:{&quot;unit&quot;:&quot;px&quot;,&quot;size&quot;:1,&quot;sizes&quot;:[]},&quot;start_point&quot;:{&quot;unit&quot;:&quot;%&quot;,&quot;size&quot;:0,&quot;sizes&quot;:[]},&quot;end_point&quot;:{&quot;unit&quot;:&quot;%&quot;,&quot;size&quot;:100,&quot;sizes&quot;:[]},&quot;renderer&quot;:&quot;svg&quot;}\" data-widget_type=\"lottie.default\">\n\t\t\t\t<div class=\"elementor-widget-container\">\n\t\t\t\t\t<div class=\"e-lottie__container\"><div class=\"e-lottie__animation\"><\/div><\/div>\t\t\t\t<\/div>\n\t\t\t\t<\/div>\n\t\t\t\t\t<\/div>\n\t\t\t\t<\/div>\n\t\t\t\t<\/div>\n\t\t","protected":false},"excerpt":{"rendered":"<p>Aguarde&#8230; Estamos conectando voc\u00ea a CEC\u00cdLIA BONIF\u00c1CIO<\/p>\n","protected":false},"author":1,"featured_media":0,"parent":0,"menu_order":0,"comment_status":"closed","ping_status":"closed","template":"elementor_canvas","meta":{"footnotes":""},"class_list":["post-751","page","type-page","status-publish","hentry"],"_links":{"self":[{"href":"https:\/\/ceciliabonifacio.com.br\/index.php\/wp-json\/wp\/v2\/pages\/751","targetHints":{"allow":["GET"]}}],"collection":[{"href":"https:\/\/ceciliabonifacio.com.br\/index.php\/wp-json\/wp\/v2\/pages"}],"about":[{"href":"https:\/\/ceciliabonifacio.com.br\/index.php\/wp-json\/wp\/v2\/types\/page"}],"author":[{"embeddable":true,"href":"https:\/\/ceciliabonifacio.com.br\/index.php\/wp-json\/wp\/v2\/users\/1"}],"replies":[{"embeddable":true,"href":"https:\/\/ceciliabonifacio.com.br\/index.php\/wp-json\/wp\/v2\/comments?post=751"}],"version-history":[{"count":28,"href":"https:\/\/ceciliabonifacio.com.br\/index.php\/wp-json\/wp\/v2\/pages\/751\/revisions"}],"predecessor-version":[{"id":783,"href":"https:\/\/ceciliabonifacio.com.br\/index.php\/wp-json\/wp\/v2\/pages\/751\/revisions\/783"}],"wp:attachment":[{"href":"https:\/\/ceciliabonifacio.com.br\/index.php\/wp-json\/wp\/v2\/media?parent=751"}],"curies":[{"name":"wp","href":"https:\/\/api.w.org\/{rel}","templated":true}]}}